{"id":24,"date":"2017-10-11T10:59:54","date_gmt":"2017-10-11T08:59:54","guid":{"rendered":"https:\/\/www.ef-workshops.de\/?page_id=24"},"modified":"2018-06-15T09:18:03","modified_gmt":"2018-06-15T07:18:03","slug":"datenschutz","status":"publish","type":"page","link":"https:\/\/www.ef-workshops.de\/?page_id=24","title":{"rendered":"Datenschutz"},"content":{"rendered":"<p><span style=\"font-size: 12pt;\"><strong>1. Information \u00fcber die Erhebung personenbezogener Daten<\/strong><\/span><\/p>\n<ol>\n<li><span style=\"font-size: 10pt;\">Im Folgenden informieren wir \u00fcber die Erhebung personenbezogener Daten bei Nutzung unserer Website. Personenbezogene Daten sind alle Daten, die auf Sie pers\u00f6nlich beziehbar sind, z. B. Name, Adresse, E-Mail-Adressen, Benutzernamen, Nutzerverhalten.<\/span><\/li>\n<li><span style=\"font-size: 10pt;\">Verantwortlicher gem. Art.\u00a04 Abs.\u00a07 EU-Datenschutz-Grundverordnung (DS-GVO) ist die <strong>EMUGE-Werk Richard Glimpel GmbH &amp; Co. KG, N\u00fcrnberger Stra\u00dfe 96-100, 91207 Lauf, Deutschland<\/strong> (siehe unser <a href=\"https:\/\/www.ef-workshops.de\/#contact\">Impressum<\/a>). Unseren Datenschutzbeauftragten erreichen Sie unter <a href=\"mailto:datenschutz@emuge.de\" target=\"_blank\" rel=\"noopener\">datenschutz@emuge.de<\/a> oder unserer Postadresse mit dem Zusatz \u201eDatenschutzbeauftragter\u201c.<\/span><\/li>\n<li><span style=\"font-size: 10pt;\">Bei Ihrer Kontaktaufnahme mit uns per E-Mail oder \u00fcber ein Kontaktformular werden die von Ihnen mitgeteilten Daten (Ihre E-Mail-Adresse, ggf. Ihr Name und Ihre Telefonnummer) von uns gespeichert, um Ihre Fragen zu beantworten. Die in diesem Zusammenhang anfallenden Daten l\u00f6schen wir, nachdem die Speicherung nicht mehr erforderlich ist, oder schr\u00e4nken die Verarbeitung ein, falls gesetzliche Aufbewahrungspflichten bestehen.<\/span><\/li>\n<li><span style=\"font-size: 10pt;\">Falls wir f\u00fcr einzelne Funktionen unseres Angebots auf beauftragte Dienstleister zur\u00fcckgreifen oder Ihre Daten f\u00fcr werbliche Zwecke nutzen m\u00f6chten, werden wir Sie untenstehend im Detail \u00fcber die jeweiligen Vorg\u00e4nge informieren. Dabei nennen wir auch die festgelegten Kriterien der Speicherdauer.<\/span><\/li>\n<\/ol>\n<p><span style=\"font-size: 12pt;\"><strong>2. Ihre Rechte<\/strong><\/span><\/p>\n<p><span style=\"font-size: 10pt;\">(1) Sie haben gegen\u00fcber uns folgende Rechte hinsichtlich der Sie betreffenden personenbezogenen Daten:<\/span><\/p>\n<ul>\n<li style=\"list-style-type: none;\">\n<ul>\n<li><span style=\"font-size: 10pt;\">Recht auf Auskunft,<\/span><\/li>\n<li><span style=\"font-size: 10pt;\">Recht auf Berichtigung oder L\u00f6schung,<\/span><\/li>\n<li><span style=\"font-size: 10pt;\">Recht auf Einschr\u00e4nkung der Verarbeitung,<\/span><\/li>\n<li><span style=\"font-size: 10pt;\">Recht auf Widerspruch gegen die Verarbeitung,<\/span><\/li>\n<li><span style=\"font-size: 10pt;\"><span style=\"font-size: 10pt;\">Recht auf Daten\u00fcbertragbarkeit<\/span><\/span><\/li>\n<\/ul>\n<\/li>\n<\/ul>\n<p><span style=\"font-size: 10pt;\">(2) Sie haben zudem das Recht, sich bei einer Datenschutz-Aufsichtsbeh\u00f6rde \u00fcber die Verarbeitung Ihrer personenbezogenen Daten durch uns zu beschweren.<\/span><\/p>\n<p><span style=\"font-size: 12pt;\"><strong>3. Erhebung personenbezogener Daten bei Besuch unserer Website<\/strong><\/span><\/p>\n<p><span style=\"font-size: 10pt;\">(1) Bei der blo\u00df informatorischen Nutzung der Website, also wenn Sie sich nicht registrieren oder uns anderweitig Informationen \u00fcbermitteln, erheben wir nur die personenbezogenen Daten, die Ihr Browser an unseren Server \u00fcbermittelt. Wenn Sie unsere Website betrachten m\u00f6chten, erheben wir die folgenden Daten, die f\u00fcr uns technisch erforderlich sind, um Ihnen unsere Website anzuzeigen und die Stabilit\u00e4t und Sicherheit zu gew\u00e4hrleisten (Rechtsgrundlage ist Art.\u00a06 Abs.\u00a01 S.\u00a01 lit. f DS-GVO):<\/span><\/p>\n<ul>\n<li><span style=\"font-size: 10pt;\">\u00a0IP-Adresse<\/span><\/li>\n<li><span style=\"font-size: 10pt;\">\u00a0Datum und Uhrzeit der Anfrage<\/span><\/li>\n<li><span style=\"font-size: 10pt;\">\u00a0Zeitzonendifferenz zur Greenwich Mean Time (GMT)<\/span><\/li>\n<li><span style=\"font-size: 10pt;\">\u00a0Inhalt der Anforderung (konkrete Seite)<\/span><\/li>\n<li><span style=\"font-size: 10pt;\">\u00a0Zugriffsstatus\/HTTP-Statuscode<\/span><\/li>\n<li><span style=\"font-size: 10pt;\">\u00a0jeweils \u00fcbertragene Datenmenge<\/span><\/li>\n<li><span style=\"font-size: 10pt;\">\u00a0Website, von der die Anforderung kommt<\/span><\/li>\n<li><span style=\"font-size: 10pt;\">\u00a0Browser<\/span><\/li>\n<li><span style=\"font-size: 10pt;\">\u00a0Betriebssystem und dessen Oberfl\u00e4che<\/span><\/li>\n<li><span style=\"font-size: 10pt;\">\u00a0Sprache und Version der Browsersoftware.<\/span><\/li>\n<\/ul>\n<p><span style=\"font-size: 10pt;\">(2) Zus\u00e4tzlich zu den zuvor genannten Daten werden bei Ihrer Nutzung unserer Website Cookies auf Ihrem Rechner gespeichert. Bei Cookies handelt es sich um kleine Textdateien, die auf Ihrer Festplatte dem von Ihnen verwendeten Browser zugeordnet gespeichert werden und durch welche der Stelle, die den Cookie setzt (hier durch uns), bestimmte Informationen zuflie\u00dfen. Cookies k\u00f6nnen keine Programme ausf\u00fchren oder Viren auf Ihren Computer \u00fcbertragen. Sie dienen dazu, das Internetangebot insgesamt nutzerfreundlicher und effektiver zu machen.<\/span><\/p>\n<p><span style=\"font-size: 10pt;\">(3) Einsatz von Cookies:<\/span><br \/>\n<span style=\"font-size: 10pt;\">(a) Diese Website nutzt folgende Arten von Cookies, deren Umfang und Funktionsweise im Folgenden erl\u00e4utert werden:<\/span><\/p>\n<ul>\n<li style=\"list-style-type: none;\">\n<ul>\n<li><span style=\"font-size: 10pt;\">\u00a0Transiente Cookies (dazu (b)),<\/span><\/li>\n<li><span style=\"font-size: 10pt;\"> Persistente Cookies (dazu (c))<\/span><\/li>\n<\/ul>\n<\/li>\n<\/ul>\n<p><span style=\"font-size: 10pt;\">(b) Transiente Cookies werden automatisiert gel\u00f6scht, wenn Sie den Browser schlie\u00dfen. Dazu z\u00e4hlen insbesondere die Session-Cookies. Diese speichern eine sogenannte Session-ID, mit welcher sich verschiedene Anfragen Ihres Browsers der gemeinsamen Sitzung zuordnen lassen. Dadurch kann Ihr Rechner wiedererkannt werden, wenn Sie auf unsere Website zur\u00fcckkehren. Die Session-Cookies werden gel\u00f6scht, wenn Sie sich ausloggen oder den Browser schlie\u00dfen.<br \/>\n<\/span><br \/>\n<span style=\"font-size: 10pt;\">(c) Persistente Cookies werden automatisiert nach einer vorgegebenen Dauer gel\u00f6scht, die sich je nach Cookie unterscheiden kann. Sie k\u00f6nnen die Cookies in den Sicherheitseinstellungen Ihres Browsers jederzeit l\u00f6schen.<br \/>\n<\/span><br \/>\n<span style=\"font-size: 10pt;\">(d) Sie k\u00f6nnen Ihre Browser-Einstellung entsprechend Ihren W\u00fcnschen konfigurieren und z. B. die Annahme von Third-Party-Cookies oder allen Cookies ablehnen. Wir weisen Sie darauf hin, dass Sie eventuell nicht alle Funktionen dieser Website nutzen k\u00f6nnen.<\/span><\/p>\n<p><span style=\"font-size: 12pt;\"><strong>4. Weitere Funktionen und Angebote unserer Website<\/strong><\/span><\/p>\n<p><span style=\"font-size: 10pt;\">(1) Neben der rein informatorischen Nutzung unserer Website bieten wir verschiedene Leistungen an, die Sie bei Interesse nutzen k\u00f6nnen. Dazu m\u00fcssen Sie in der Regel weitere personenbezogene Daten angeben, die wir zur Erbringung der jeweiligen Leistung nutzen und f\u00fcr die die zuvor genannten Grunds\u00e4tze zur Datenverarbeitung gelten.<br \/>\n<\/span><br \/>\n<span style=\"font-size: 10pt;\">(2) Teilweise bedienen wir uns zur Verarbeitung Ihrer Daten externer Dienstleister. Diese wurden von uns sorgf\u00e4ltig ausgew\u00e4hlt und beauftragt, sind an unsere Weisungen gebunden und werden regelm\u00e4\u00dfig kontrolliert.<br \/>\n<\/span><br \/>\n<span style=\"font-size: 10pt;\">(3) Weiterhin k\u00f6nnen wir Ihre personenbezogenen Daten an Dritte weitergeben, wenn Aktionsteilnahmen, Vertragsabschl\u00fcsse oder \u00e4hnliche Leistungen von uns gemeinsam mit Partnern angeboten werden. N\u00e4here Informationen hierzu erhalten Sie bei Angabe Ihrer personenbezogenen Daten oder untenstehend in der Beschreibung des Angebotes.<br \/>\n<\/span><br \/>\n<span style=\"font-size: 10pt;\">(4) Soweit unsere Dienstleister oder Partner ihren Sitz in einem Staat au\u00dferhalb des Europ\u00e4ischen Wirtschaftsraumen (EWR) haben, informieren wir Sie \u00fcber die Folgen dieses Umstands in der Beschreibung des Angebotes.<br \/>\n<\/span><br \/>\n<span style=\"font-size: 10pt;\">(5) Wenn wir Ihre Daten zu werblichen Zwecken nutzen speichern wir Ihre Daten so lange, wie Sie Mitteilungen zu den jeweiligen werblichen Themen erhalten m\u00f6chten oder solange wir mit Ihnen in Kontakt bleiben m\u00f6chten.<\/span><\/p>\n<p><span style=\"font-size: 12pt;\"><strong>5. Widerspruch oder Widerruf gegen die Verarbeitung Ihrer Daten<\/strong><\/span><\/p>\n<p><span style=\"font-size: 10pt;\">(1) Falls Sie eine Einwilligung zur Verarbeitung Ihrer Daten erteilt haben, k\u00f6nnen Sie diese jederzeit widerrufen. Ein solcher Widerruf beeinflusst die Zul\u00e4ssigkeit der Verarbeitung Ihrer personenbezogenen Daten, nachdem Sie ihn gegen\u00fcber uns ausgesprochen haben.<br \/>\n<\/span><br \/>\n<span style=\"font-size: 10pt;\">(2) Soweit wir die Verarbeitung Ihrer personenbezogenen Daten auf die Interessenabw\u00e4gung st\u00fctzen, k\u00f6nnen Sie Widerspruch gegen die Verarbeitung einlegen. Dies ist der Fall, wenn die Verarbeitung insbesondere nicht zur Erf\u00fcllung eines Vertrags mit Ihnen erforderlich ist, was von uns jeweils bei der nachfolgenden Beschreibung der Funktionen dargestellt wird. Bei Aus\u00fcbung eines solchen Widerspruchs bitten wir um Darlegung der Gr\u00fcnde, weshalb wir Ihre personenbezogenen Daten nicht wie von uns durchgef\u00fchrt verarbeiten sollten. Im Falle Ihres begr\u00fcndeten Widerspruchs pr\u00fcfen wir die Sachlage und werden entweder die Datenverarbeitung einstellen bzw. anpassen oder Ihnen unsere zwingenden schutzw\u00fcrdigen Gr\u00fcnde aufzeigen, aufgrund derer wir die Verarbeitung fortf\u00fchren.<\/span><\/p>\n<p><span style=\"font-size: 12pt;\"><strong>6. Einsatz von Matomo<\/strong><\/span><\/p>\n<p><span style=\"font-size: 10pt;\">(1) Diese Website nutzt den Webanalysedienst Matomo (vormals Piwik), um die Nutzung unserer Website analysieren und regelm\u00e4\u00dfig verbessern zu k\u00f6nnen. \u00dcber die gewonnenen Statistiken k\u00f6nnen wir unser Angebot verbessern und f\u00fcr Sie als Nutzer interessanter ausgestalten. Rechtsgrundlage f\u00fcr die Nutzung von Matomo ist Art.\u00a06 Abs.\u00a01 S.\u00a01 lit. f DS-GVO.<br \/>\n<\/span><br \/>\n<span style=\"font-size: 10pt;\">(2) F\u00fcr diese Auswertung werden Cookies (n\u00e4heres dazu in oben 3) auf Ihrem Computer gespeichert. Die so erhobenen Informationen speichert der Verantwortliche ausschlie\u00dflich auf seinem Server in Deutschland. Die Auswertung k\u00f6nnen Sie einstellen durch L\u00f6schung vorhandener Cookies und die Verhinderung der Speicherung von Cookies. Wenn Sie die Speicherung der Cookies verhindern, weisen wir darauf hin, dass Sie gegebenenfalls diese Website nicht vollumf\u00e4nglich nutzen k\u00f6nnen. Die Verhinderung der Speicherung von Cookies ist durch die Einstellung in ihrem Browser m\u00f6glich. Die Verhinderung des Einsatzes von Matomo ist m\u00f6glich, indem Sie den folgenden Haken entfernen und so das Opt-out-Plug-in aktivieren:<\/span><\/p>\n<p><span style=\"font-size: 10pt;\">Ihr Besuch dieser Website wird aktuell von der Matomo Webanalyse erfasst. Klicken Sie hier, damit Ihr Besuch nicht mehr erfasst wird.<\/span> <iframe loading=\"lazy\" style=\"border: 0; height: 170px; width: 100%;\" src=\"http:\/\/piwik.ef-apps.de\/index.php?module=CoreAdminHome&amp;action=optOut&amp;language=de&amp;backgroundColor=ffffff&amp;fontColor=6f6f6e&amp;fontSize=14px&amp;fontFamily=Open%20Sans\" width=\"100%\" height=\"150\"><span style=\"display: inline-block; width: 0px; overflow: hidden; line-height: 0;\" data-mce-type=\"bookmark\" class=\"mce_SELRES_start\">\ufeff<\/span><span style=\"display: inline-block; width: 0px; overflow: hidden; line-height: 0;\" data-mce-type=\"bookmark\" class=\"mce_SELRES_start\">\ufeff<\/span><\/p>\n<p class=\"bodytext\"><span style=\"font-family: helvetica, arial, sans-serif;\"><b>Datenschutzbeauftragter<\/b><\/span><br \/>\n<span style=\"font-family: helvetica, arial, sans-serif;\"><\/span><br \/>\n<\/iframe><\/p>\n<p><span style=\"font-size: 10pt;\">(3) Diese Website verwendet Matomo mit der Erweiterung \u201eAnonymizeIP\u201c. Dadurch werden IP-Adressen gek\u00fcrzt weiterverarbeitet, eine direkte Personenbeziehbarkeit kann damit ausgeschlossen werden. Die mittels Matomo von Ihrem Browser \u00fcbermittelte IP-Adresse wird nicht mit anderen von uns erhobenen Daten zusammengef\u00fchrt.<br \/>\n<\/span><br \/>\n<span style=\"font-size: 10pt;\">(4) Das Programm Matomo ist ein Open-Source-Projekt. Informationen des Drittanbieters zum Datenschutz erhalten Sie unter <a href=\"https:\/\/matomo.org\/privacy-policy\/\" target=\"_blank\" rel=\"noopener\">https:\/\/matomo.org\/privacy-policy\/<\/a>.<\/span><\/p>\n<p><span style=\"font-size: 12pt;\"><strong>7. Einsatz von Facebook als Social-Media-Plug-in<\/strong><\/span><\/p>\n<p><span style=\"font-size: 10pt;\">(1) Wir setzen derzeit das Social-Media-Plug-in Facebook ein. Wir nutzen dabei die sog. Zwei-Klick-L\u00f6sung. Das hei\u00dft, wenn Sie unsere Seite besuchen, werden zun\u00e4chst grunds\u00e4tzlich keine personenbezogenen Daten an den Anbieter des Plug-ins (Facebook) weitergegeben. Den Anbieter des Plug-ins erkennen Sie \u00fcber die Markierung auf dem Kasten \u00fcber seinen Anfangsbuchstaben oder das Logo. Wir er\u00f6ffnen Ihnen die M\u00f6glichkeit, \u00fcber den Button direkt mit dem Anbieter des Plug-ins zu kommunizieren. Nur wenn Sie auf das markierte Feld klicken und es dadurch aktivieren, erh\u00e4lt der Plug-in-Anbieter die Information, dass Sie die entsprechende Website unseres Online-Angebots aufgerufen haben.<\/span><\/p>\n<p><span style=\"font-size: 10pt;\">Zudem werden die oben unter Nr.\u00a03 dieser Erkl\u00e4rung genannten Daten \u00fcbermittelt. Nach den Angaben von Facebook werden in Deutschland die IP-Adresse sofort nach Erhebung anonymisiert. Durch die Aktivierung des Plug-ins werden also personenbezogene Daten von Ihnen an Facebook \u00fcbermittelt und in den USA gespeichert. Da der Plug-in-Anbieter die Datenerhebung insbesondere \u00fcber Cookies vornimmt, empfehlen wir Ihnen, vor dem Klick auf den ausgegrauten Kasten \u00fcber die Sicherheitseinstellungen Ihres Browsers alle Cookies zu l\u00f6schen.<\/span><\/p>\n<p><span style=\"font-size: 10pt;\">(2) Wir haben weder Einfluss auf die erhobenen Daten und Datenverarbeitungsvorg\u00e4nge, noch sind uns der volle Umfang der Datenerhebung, die Zwecke der Verarbeitung, die Speicherfristen bekannt. Auch zur L\u00f6schung der erhobenen Daten durch den Plug-in-Anbieter liegen uns keine Informationen vor.<br \/>\n<\/span><br \/>\n<span style=\"font-size: 10pt;\">(3) Der Plug-in-Anbieter speichert die \u00fcber Sie erhobenen Daten als Nutzungsprofile und nutzt diese f\u00fcr Zwecke der Werbung, Marktforschung und\/oder bedarfsgerechten Gestaltung seiner Website. Eine solche Auswertung erfolgt insbesondere (auch f\u00fcr nicht eingeloggte Nutzer) zur Darstellung von bedarfsgerechter Werbung und um andere Nutzer des sozialen Netzwerks \u00fcber Ihre Aktivit\u00e4ten auf unserer Website zu informieren. Ihnen steht ein Widerspruchsrecht gegen die Bildung dieser Nutzerprofile zu, wobei Sie sich zur Aus\u00fcbung dessen an den jeweiligen Plug-in-Anbieter wenden m\u00fcssen. \u00dcber die Plug-ins bietet wir Ihnen die M\u00f6glichkeit, mit den sozialen Netzwerken und anderen Nutzern zu interagieren, so dass wir unser Angebot verbessern und f\u00fcr Sie als Nutzer interessanter ausgestalten k\u00f6nnen. Rechtsgrundlage f\u00fcr die Nutzung der Plug-ins ist Art.\u00a06 Abs.\u00a01 S.\u00a01 lit. f DS-GVO.<br \/>\n<\/span><br \/>\n<span style=\"font-size: 10pt;\">(4) Die Datenweitergabe erfolgt unabh\u00e4ngig davon, ob Sie ein Konto bei dem Plug-in-Anbieter besitzen und dort eingeloggt sind. Wenn Sie bei dem Plug-in-Anbieter eingeloggt sind, werden Ihre bei uns erhobenen Daten direkt Ihrem beim Plug-in-Anbieter bestehenden Konto zugeordnet. Wenn Sie den aktivierten Button bet\u00e4tigen und z. B. die Seite verlinken, speichert der Plug-in-Anbieter auch diese Information in Ihrem Nutzerkonto und teilt sie Ihren Kontakten \u00f6ffentlich mit. Wir empfehlen Ihnen, sich nach Nutzung eines sozialen Netzwerks regelm\u00e4\u00dfig auszuloggen, insbesondere jedoch vor Aktivierung des Buttons, da Sie so eine Zuordnung zu Ihrem Profil bei dem Plug-in-Anbieter vermeiden k\u00f6nnen.<br \/>\n<\/span><br \/>\n<span style=\"font-size: 10pt;\">(5) Weitere Informationen zu Zweck und Umfang der Datenerhebung und ihrer Verarbeitung durch den Plug-in-Anbieter erhalten Sie in den im Folgenden mitgeteilten Datenschutzerkl\u00e4rungen dieser Anbieter. Dort erhalten Sie auch weitere Informationen zu Ihren diesbez\u00fcglichen Rechten und Einstellungsm\u00f6glichkeiten zum Schutze Ihrer Privatsph\u00e4re.<br \/>\n<\/span><br \/>\n<span style=\"font-size: 10pt;\">(6) Adresse und URL des Plug-in Anbieters Facebook mit dessen Datenschutzhinweisen:<\/span><br \/>\n<span style=\"font-size: 10pt;\">Facebook Inc., 1601 S California Ave, Palo Alto, California 94304, USA; <a href=\"http:\/\/www.facebook.com\/policy.php\" target=\"_blank\" rel=\"noopener\">www.facebook.com\/policy<\/a>; weitere Informationen zur Datenerhebung: <a href=\"http:\/\/www.facebook.com\/help\/186325668085084\" target=\"_blank\" rel=\"noopener\">www.facebook.com\/help<\/a>. Facebook hat sich dem EU-US-Privacy-Shield unterworfen, <a href=\"https:\/\/www.privacyshield.gov\/EU-US-Framework\" target=\"_blank\" rel=\"noopener\">www.privacyshield.gov\/EU-US-Framework<\/a>.<\/span><\/p>\n<p><span style=\"font-size: 12pt;\"><strong>8. Einbindung von YouTube-Videos<\/strong><\/span><\/p>\n<p><span style=\"font-size: 10pt;\">(1) Wir haben YouTube-Videos in unser Online-Angebot eingebunden, die auf <a href=\"http:\/\/www.YouTube.com\" target=\"_blank\" rel=\"noopener\">www.YouTube.com<\/a> gespeichert sind und von unserer Website aus direkt abspielbar sind. Diese sind alle im \u201eerweiterten Datenschutz-Modus\u201c eingebunden, d. h. dass keine Daten \u00fcber Sie als Nutzer an YouTube \u00fcbertragen werden, wenn Sie die Videos nicht abspielen. Erst wenn Sie die Videos abspielen, werden die in Absatz\u00a02 genannten Daten \u00fcbertragen. Auf diese Daten\u00fcbertragung haben wir keinen Einfluss.<br \/>\n<\/span><br \/>\n<span style=\"font-size: 10pt;\">(2) Durch den Besuch auf der Website erh\u00e4lt YouTube die Information, dass Sie die entsprechende Unterseite unserer Website aufgerufen haben. Zudem werden die unter Punkt 3\u00a0dieser Erkl\u00e4rung genannten Daten \u00fcbermittelt. Dies erfolgt unabh\u00e4ngig davon, ob YouTube ein Nutzerkonto bereitstellt, \u00fcber das Sie eingeloggt sind, oder ob kein Nutzerkonto besteht. Wenn Sie bei Google eingeloggt sind, werden Ihre Daten direkt Ihrem Konto zugeordnet.<\/span><\/p>\n<p><span style=\"font-size: 10pt;\">Wenn Sie die Zuordnung mit Ihrem Profil bei YouTube nicht w\u00fcnschen, m\u00fcssen Sie sich vor Aktivierung des Buttons ausloggen. YouTube speichert Ihre Daten als Nutzungsprofile und nutzt sie f\u00fcr Zwecke der Werbung, Marktforschung und\/oder bedarfsgerechten Gestaltung seiner Website. Eine solche Auswertung erfolgt insbesondere (selbst f\u00fcr nicht eingeloggte Nutzer) zur Erbringung von bedarfsgerechter Werbung und um andere Nutzer des sozialen Netzwerks \u00fcber Ihre Aktivit\u00e4ten auf unserer Website zu informieren. Ihnen steht ein Widerspruchsrecht zu gegen die Bildung dieser Nutzerprofile, wobei Sie sich zur Aus\u00fcbung dessen an YouTube richten m\u00fcssen.<\/span><br \/>\n<span style=\"font-size: 10pt;\"><br \/>\n(3) Weitere Informationen zu Zweck und Umfang der Datenerhebung und ihrer Verarbeitung durch YouTube erhalten Sie in deren Datenschutzerkl\u00e4rung. Dort erhalten Sie auch weitere Informationen zu Ihren Rechten und Einstellungsm\u00f6glichkeiten zum Schutze Ihrer Privatsph\u00e4re: <a href=\"https:\/\/www.google.de\/intl\/de\/policies\/privacy\" target=\"_blank\" rel=\"noopener\">www.google.de\/intl\/de\/policies\/privacy<\/a>. Google verarbeitet Ihre personenbezogenen Daten auch in den USA und hat sich dem EU-US-Privacy-Shield unterworfen, <a href=\"https:\/\/www.privacyshield.gov\/EU-US-Framework\" target=\"_blank\" rel=\"noopener\">www.privacyshield.gov\/EU-US-Framework<\/a>.<\/span><\/p>\n","protected":false},"excerpt":{"rendered":"<p>1. Information \u00fcber die Erhebung personenbezogener Daten Im Folgenden informieren wir \u00fcber die Erhebung personenbezogener Daten bei Nutzung unserer Website. Personenbezogene Daten sind alle Daten, die auf Sie pers\u00f6nlich beziehbar &#8230;<\/p>\n","protected":false},"author":4,"featured_media":0,"parent":0,"menu_order":0,"comment_status":"closed","ping_status":"closed","template":"","meta":{"footnotes":""},"class_list":["post-24","page","type-page","status-publish","hentry"],"_links":{"self":[{"href":"https:\/\/www.ef-workshops.de\/index.php?rest_route=\/wp\/v2\/pages\/24","targetHints":{"allow":["GET"]}}],"collection":[{"href":"https:\/\/www.ef-workshops.de\/index.php?rest_route=\/wp\/v2\/pages"}],"about":[{"href":"https:\/\/www.ef-workshops.de\/index.php?rest_route=\/wp\/v2\/types\/page"}],"author":[{"embeddable":true,"href":"https:\/\/www.ef-workshops.de\/index.php?rest_route=\/wp\/v2\/users\/4"}],"replies":[{"embeddable":true,"href":"https:\/\/www.ef-workshops.de\/index.php?rest_route=%2Fwp%2Fv2%2Fcomments&post=24"}],"version-history":[{"count":29,"href":"https:\/\/www.ef-workshops.de\/index.php?rest_route=\/wp\/v2\/pages\/24\/revisions"}],"predecessor-version":[{"id":370,"href":"https:\/\/www.ef-workshops.de\/index.php?rest_route=\/wp\/v2\/pages\/24\/revisions\/370"}],"wp:attachment":[{"href":"https:\/\/www.ef-workshops.de\/index.php?rest_route=%2Fwp%2Fv2%2Fmedia&parent=24"}],"curies":[{"name":"wp","href":"https:\/\/api.w.org\/{rel}","templated":true}]}}